{"id":2,"date":"2024-05-03T21:24:44","date_gmt":"2024-05-03T21:24:44","guid":{"rendered":"https:\/\/kcztesvik.com\/?page_id=2"},"modified":"2025-06-30T21:31:18","modified_gmt":"2025-06-30T21:31:18","slug":"home","status":"publish","type":"page","link":"https:\/\/kcztesvik.com\/","title":{"rendered":""},"content":{"rendered":"\n<p class=\"has-medium-font-size\"><strong>Hedeflerinize ula\u015fmak i\u00e7in do\u011fru te\u015fvikleri mi ar\u0131yorsunuz?<\/strong><\/p>\n\n\n\n<p>KCZ Te\u015fvik Dan\u0131\u015fmanl\u0131k olarak, yat\u0131r\u0131mlar\u0131n\u0131z i\u00e7in en uygun te\u015fvik programlar\u0131n\u0131 bulman\u0131za ve ba\u015fvurman\u0131za yard\u0131mc\u0131 olmak i\u00e7in buraday\u0131z. Uzman ekibimiz, size \u00f6zel \u00e7\u00f6z\u00fcmler sunmak i\u00e7in gereken bilgi ve deneyime sahiptir.<\/p>\n\n\n\n<p class=\"has-medium-font-size\"><strong>Te\u015fviklerin Avantajlar\u0131:<\/strong><\/p>\n\n\n\n<p>Yat\u0131r\u0131m maliyetlerinizi d\u00fc\u015f\u00fcr\u00fcn<br>Rekabet g\u00fcc\u00fcn\u00fcz\u00fc art\u0131r\u0131n<br>Karl\u0131l\u0131\u011f\u0131n\u0131z\u0131 y\u00fckseltin<br>Yeni yat\u0131r\u0131mlar i\u00e7in kaynak yarat\u0131n<\/p>\n\n\n\n<p class=\"has-large-font-size\"><strong>Hizmetlerimiz:<\/strong><\/p>\n\n\n\n<p><strong>Te\u015fvik Program\u0131 Ara\u015ft\u0131rmas\u0131:<\/strong>&nbsp;Yat\u0131r\u0131mlar\u0131n\u0131z i\u00e7in en uygun te\u015fvik programlar\u0131n\u0131 ara\u015ft\u0131r\u0131yoruz ve size detayl\u0131 bir rapor sunuyoruz.<\/p>\n\n\n\n<p><strong>Ba\u015fvuru Dan\u0131\u015fmanl\u0131\u011f\u0131:<\/strong>&nbsp;Te\u015fvik programlar\u0131na ba\u015fvuru s\u00fcrecinde size rehberlik ediyor ve t\u00fcm belgelerin haz\u0131rlanmas\u0131nda yard\u0131mc\u0131 oluyoruz.<\/p>\n\n\n\n<p><strong>Takip ve Destek:<\/strong>&nbsp;Ba\u015fvurunuzun onaylanmas\u0131ndan sonra da size destek olmaya devam ediyor ve te\u015fviklerden faydalanman\u0131z i\u00e7in gereken t\u00fcm ad\u0131mlar\u0131 takip ediyoruz.<\/p>\n\n\n\n<p class=\"has-large-font-size\"><strong>Neden KCZ Tesvik Dan\u0131\u015fmanl\u0131k?<\/strong><\/p>\n\n\n\n<p><strong>Uzman Ekip:<\/strong>&nbsp;Tecr\u00fcbeli ve uzman ekibimiz, te\u015fvik programlar\u0131 hakk\u0131nda kapsaml\u0131 bilgi sahibidir.<\/p>\n\n\n\n<p><strong>Ki\u015fiye \u00d6zel \u00c7\u00f6z\u00fcmler:<\/strong>&nbsp;Her yat\u0131r\u0131mc\u0131n\u0131n ihtiyac\u0131 farkl\u0131d\u0131r. Biz de size \u00f6zel \u00e7\u00f6z\u00fcmler sunarak hedeflerinize en h\u0131zl\u0131 \u015fekilde ula\u015fman\u0131za yard\u0131mc\u0131 oluyoruz.<\/p>\n\n\n\n<p><strong>Ba\u015far\u0131l\u0131 Sonu\u00e7lar:&nbsp;<\/strong>Y\u00fcksek ba\u015far\u0131 oran\u0131m\u0131z, bize olan g\u00fcvenin bir g\u00f6stergesidir.<\/p>\n\n\n\n<p>KCZ Te\u015fvik, yat\u0131r\u0131mlar\u0131 te\u015fvik etmek i\u00e7in devlet taraf\u0131ndan sunulan \u00e7e\u015fitli maddi ve manevi avantajlard\u0131r. Vergi indirimleri, sigorta prim te\u015fvikleri, hibe ve kredi destekleri gibi bir\u00e7ok farkl\u0131 te\u015fvik t\u00fcr\u00fc bulunmaktad\u0131r.<\/p>\n\n\n\n<p><\/p>\n\n\n\n<p class=\"has-large-font-size\"><strong>Te\u015fviklerden kimler faydalanabilir?<\/strong><\/p>\n\n\n\n<p>Ger\u00e7ek ki\u015filer, t\u00fczel ki\u015filer, KOB\u0130\u2019ler, b\u00fcy\u00fck \u00f6l\u00e7ekli i\u015fletmeler, yat\u0131r\u0131mc\u0131lar ve giri\u015fimciler gibi bir\u00e7ok farkl\u0131 ki\u015fi ve kurulu\u015f te\u015fviklerden faydalanabilir.<\/p>\n\n\n\n<p><\/p>\n","protected":false},"excerpt":{"rendered":"<p>Hedeflerinize ula\u015fmak i\u00e7in do\u011fru te\u015fvikleri mi ar\u0131yorsunuz? KCZ Te\u015fvik Dan\u0131\u015fmanl\u0131k olarak, yat\u0131r\u0131mlar\u0131n\u0131z i\u00e7in en uygun te\u015fvik programlar\u0131n\u0131 bulman\u0131za ve ba\u015fvurman\u0131za yard\u0131mc\u0131 olmak i\u00e7in buraday\u0131z. Uzman ekibimiz, size \u00f6zel \u00e7\u00f6z\u00fcmler sunmak i\u00e7in gereken bilgi ve deneyime sahiptir. Te\u015fviklerin Avantajlar\u0131: Yat\u0131r\u0131m maliyetlerinizi d\u00fc\u015f\u00fcr\u00fcnRekabet g\u00fcc\u00fcn\u00fcz\u00fc art\u0131r\u0131nKarl\u0131l\u0131\u011f\u0131n\u0131z\u0131 y\u00fckseltinYeni yat\u0131r\u0131mlar i\u00e7in kaynak yarat\u0131n Hizmetlerimiz: Te\u015fvik Program\u0131 Ara\u015ft\u0131rmas\u0131:&nbsp;Yat\u0131r\u0131mlar\u0131n\u0131z i\u00e7in en uygun&hellip;<\/p>\n<p class=\"more-link\"><a href=\"https:\/\/kcztesvik.com\/\" class=\"themebutton2\">Read More<\/a><\/p>\n","protected":false},"author":1,"featured_media":85,"parent":0,"menu_order":0,"comment_status":"closed","ping_status":"closed","template":"","meta":{"footnotes":""},"class_list":["post-2","page","type-page","status-publish","has-post-thumbnail","hentry"],"_links":{"self":[{"href":"https:\/\/kcztesvik.com\/index.php\/wp-json\/wp\/v2\/pages\/2","targetHints":{"allow":["GET"]}}],"collection":[{"href":"https:\/\/kcztesvik.com\/index.php\/wp-json\/wp\/v2\/pages"}],"about":[{"href":"https:\/\/kcztesvik.com\/index.php\/wp-json\/wp\/v2\/types\/page"}],"author":[{"embeddable":true,"href":"https:\/\/kcztesvik.com\/index.php\/wp-json\/wp\/v2\/users\/1"}],"replies":[{"embeddable":true,"href":"https:\/\/kcztesvik.com\/index.php\/wp-json\/wp\/v2\/comments?post=2"}],"version-history":[{"count":14,"href":"https:\/\/kcztesvik.com\/index.php\/wp-json\/wp\/v2\/pages\/2\/revisions"}],"predecessor-version":[{"id":139,"href":"https:\/\/kcztesvik.com\/index.php\/wp-json\/wp\/v2\/pages\/2\/revisions\/139"}],"wp:featuredmedia":[{"embeddable":true,"href":"https:\/\/kcztesvik.com\/index.php\/wp-json\/wp\/v2\/media\/85"}],"wp:attachment":[{"href":"https:\/\/kcztesvik.com\/index.php\/wp-json\/wp\/v2\/media?parent=2"}],"curies":[{"name":"wp","href":"https:\/\/api.w.org\/{rel}","templated":true}]}}