{"id":41,"date":"2024-05-18T17:01:07","date_gmt":"2024-05-18T17:01:07","guid":{"rendered":"https:\/\/kcztesvik.com\/?page_id=41"},"modified":"2025-04-26T17:28:05","modified_gmt":"2025-04-26T17:28:05","slug":"hakkimizda","status":"publish","type":"page","link":"https:\/\/kcztesvik.com\/index.php\/hakkimizda\/","title":{"rendered":"HAKKIMIZDA"},"content":{"rendered":"\n<p class=\"has-medium-font-size\"><strong>KCZ Te\u015fvik Dan\u0131\u015fmanl\u0131k\u2019\u0131 tercih etmeniz i\u00e7in nedenler:<\/strong><\/p>\n\n\n\n<p>\u00c7al\u0131\u015fkan, deneyimli ve dinamik bir ekip<br>Kapsaml\u0131 ve g\u00fcvenilir hizmetler<br>M\u00fc\u015fteri odakl\u0131 yakla\u015f\u0131m<\/p>\n\n\n\n<p class=\"has-medium-font-size\"><strong>Te\u015fvik Dan\u0131\u015fmanl\u0131k ile ileti\u015fime ge\u00e7mek i\u00e7in:<\/strong><\/p>\n\n\n\n<p>Telefon: 0-(530)-3097151<br>E-posta:&nbsp;info@kcztesvik.com<br>Web sitesi: www.kcztesvik.com<\/p>\n\n\n\n<p>KCZ Te\u015fvik Dan\u0131\u015fmanl\u0131k, yat\u0131r\u0131m\u0131n\u0131z\u0131n en do\u011fru \u015fekilde te\u015fviklerden faydalanmas\u0131 i\u00e7in her zaman yan\u0131n\u0131zdad\u0131r.<\/p>\n\n\n\n<p><\/p>\n\n\n\n<p class=\"has-medium-font-size\"><strong>Ek Bilgiler:<\/strong><\/p>\n\n\n\n<p>KCZ Te\u015fvik Dan\u0131\u015fmanl\u0131k, m\u00fc\u015fterilerine \u00f6zel \u00e7\u00f6z\u00fcmler sunmaktad\u0131r.<br>KCZ Te\u015fvik Dan\u0131\u015fmanl\u0131k, hizmetlerini en y\u00fcksek kalitede sunmay\u0131 taahh\u00fct etmektedir.<\/p>\n\n\n\n<p class=\"has-medium-font-size\"><strong>KCZ Te\u015fvik Dan\u0131\u015fmanl\u0131k ile yat\u0131r\u0131mlar\u0131n\u0131z\u0131n gelece\u011fine g\u00fcvenle bak\u0131n!<\/strong><\/p>\n\n\n\n<p><\/p>\n\n\n\n<p><\/p>\n","protected":false},"excerpt":{"rendered":"<p>KCZ Te\u015fvik Dan\u0131\u015fmanl\u0131k\u2019\u0131 tercih etmeniz i\u00e7in nedenler: \u00c7al\u0131\u015fkan, deneyimli ve dinamik bir ekipKapsaml\u0131 ve g\u00fcvenilir hizmetlerM\u00fc\u015fteri odakl\u0131 yakla\u015f\u0131m Te\u015fvik Dan\u0131\u015fmanl\u0131k ile ileti\u015fime ge\u00e7mek i\u00e7in: Telefon: 0-(530)-3097151E-posta:&nbsp;info@kcztesvik.comWeb sitesi: www.kcztesvik.com KCZ Te\u015fvik Dan\u0131\u015fmanl\u0131k, yat\u0131r\u0131m\u0131n\u0131z\u0131n en do\u011fru \u015fekilde te\u015fviklerden faydalanmas\u0131 i\u00e7in her zaman yan\u0131n\u0131zdad\u0131r. Ek Bilgiler: KCZ Te\u015fvik Dan\u0131\u015fmanl\u0131k, m\u00fc\u015fterilerine \u00f6zel \u00e7\u00f6z\u00fcmler sunmaktad\u0131r.KCZ Te\u015fvik Dan\u0131\u015fmanl\u0131k, hizmetlerini en y\u00fcksek&hellip;<\/p>\n<p class=\"more-link\"><a href=\"https:\/\/kcztesvik.com\/index.php\/hakkimizda\/\" class=\"themebutton2\">Read More<\/a><\/p>\n","protected":false},"author":1,"featured_media":0,"parent":0,"menu_order":3,"comment_status":"closed","ping_status":"closed","template":"","meta":{"footnotes":""},"class_list":["post-41","page","type-page","status-publish","hentry"],"_links":{"self":[{"href":"https:\/\/kcztesvik.com\/index.php\/wp-json\/wp\/v2\/pages\/41","targetHints":{"allow":["GET"]}}],"collection":[{"href":"https:\/\/kcztesvik.com\/index.php\/wp-json\/wp\/v2\/pages"}],"about":[{"href":"https:\/\/kcztesvik.com\/index.php\/wp-json\/wp\/v2\/types\/page"}],"author":[{"embeddable":true,"href":"https:\/\/kcztesvik.com\/index.php\/wp-json\/wp\/v2\/users\/1"}],"replies":[{"embeddable":true,"href":"https:\/\/kcztesvik.com\/index.php\/wp-json\/wp\/v2\/comments?post=41"}],"version-history":[{"count":5,"href":"https:\/\/kcztesvik.com\/index.php\/wp-json\/wp\/v2\/pages\/41\/revisions"}],"predecessor-version":[{"id":119,"href":"https:\/\/kcztesvik.com\/index.php\/wp-json\/wp\/v2\/pages\/41\/revisions\/119"}],"wp:attachment":[{"href":"https:\/\/kcztesvik.com\/index.php\/wp-json\/wp\/v2\/media?parent=41"}],"curies":[{"name":"wp","href":"https:\/\/api.w.org\/{rel}","templated":true}]}}